{"id":5478,"date":"2024-03-19T11:43:22","date_gmt":"2024-03-19T11:43:22","guid":{"rendered":"https:\/\/tttech.com.ng\/shop\/?post_type=product&#038;p=5478"},"modified":"2024-08-22T14:31:13","modified_gmt":"2024-08-22T14:31:13","slug":"xprinter-xp-c260m-kitchen-printer-usblan-with-alarm-buzzer","status":"publish","type":"product","link":"https:\/\/tttech.com.ng\/shop\/product\/xprinter-xp-c260m-kitchen-printer-usblan-with-alarm-buzzer\/","title":{"rendered":"Xprinter XP-C260M Kitchen Printer (USB+LAN with Alarm BUZZER)"},"content":{"rendered":"<p>The Xprinter XP-C260M Thermal Receipt Printer is a Kitchen Printer with USB+LAN interfaces and it comes with sound buzzer and Light alarm.<\/p>\n<ul>\n<li>Printing mode : Direct line Thermal<\/li>\n<li>Point density : 576 points\/row or 512 points\/row<\/li>\n<li>Printing speed : 260mm\/s<\/li>\n<li>Interface : USB+ LAN<\/li>\n<li>Printing paper: 79.5\u00b10.5mm \u00d7 \u03c680mm<\/li>\n<li>Bar code character expansion character list : PC347 (Standard Europe), Katakana, PC850 (Multilingual), PC860 (Portuguese), PC863 (Canadian-French), PC865 (Nordic), West Europe, Greek, Hebrew, East Europe, Iran, WPC1252, PC866 (Cyrillic#2), PC852 (Latin2), PC858, IranII, Latvian, Arabic, PT151 (1251)<\/li>\n<li>1D code : UPC-A\/UPC-E\/JAN13 (EAN13)\/JAN8 (EAN8)\/CODE39 \/ ITF\/CODABAR\/CODE93 \/ CODE128<\/li>\n<li>Qr code : QRCODE, PDF417<\/li>\n<li>Buffer The input buffer is 256k bytes<\/li>\n<li>NV Flash 256k bytes<\/li>\n<li>Power adapter input: AC 100-240V\/ 50-60 Hz<\/li>\n<li>Power output: DC 24V\/2.5A<\/li>\n<li>Money box output :DC 24V\/1A<\/li>\n<li>Physical characteristics Weight :1.1kg<\/li>\n<li>Appearance size 188\u00d7140\u00d7137.7mm (depth \u00d7 width \u00d7 height)<\/li>\n<li>Life cutting tool life 1.5 million times<\/li>\n<li>Print head life is 150km<\/li>\n<\/ul>\n<p>&nbsp;<\/p>\n<p>&nbsp;<\/p>\n<p>&nbsp;<\/p>\n","protected":false},"excerpt":{"rendered":"<p>The Xprinter XP-C260M is an 80mm Thermal Receipt Printer. It is a Kitchen Printer with USB+LAN interfaces and it comes with sound buzzer and Light alarm.<\/p>\n","protected":false},"featured_media":5540,"comment_status":"open","ping_status":"closed","template":"","meta":[],"product_cat":[216,227,213],"product_tag":[],"class_list":{"0":"post-5478","1":"product","2":"type-product","3":"status-publish","4":"has-post-thumbnail","6":"product_cat-pos","7":"product_cat-pos-peripherals","8":"product_cat-receipt-printers","10":"first","11":"instock","12":"shipping-taxable","13":"purchasable","14":"product-type-simple"},"_links":{"self":[{"href":"https:\/\/tttech.com.ng\/shop\/wp-json\/wp\/v2\/product\/5478","targetHints":{"allow":["GET"]}}],"collection":[{"href":"https:\/\/tttech.com.ng\/shop\/wp-json\/wp\/v2\/product"}],"about":[{"href":"https:\/\/tttech.com.ng\/shop\/wp-json\/wp\/v2\/types\/product"}],"replies":[{"embeddable":true,"href":"https:\/\/tttech.com.ng\/shop\/wp-json\/wp\/v2\/comments?post=5478"}],"wp:featuredmedia":[{"embeddable":true,"href":"https:\/\/tttech.com.ng\/shop\/wp-json\/wp\/v2\/media\/5540"}],"wp:attachment":[{"href":"https:\/\/tttech.com.ng\/shop\/wp-json\/wp\/v2\/media?parent=5478"}],"wp:term":[{"taxonomy":"product_cat","embeddable":true,"href":"https:\/\/tttech.com.ng\/shop\/wp-json\/wp\/v2\/product_cat?post=5478"},{"taxonomy":"product_tag","embeddable":true,"href":"https:\/\/tttech.com.ng\/shop\/wp-json\/wp\/v2\/product_tag?post=5478"}],"curies":[{"name":"wp","href":"https:\/\/api.w.org\/{rel}","templated":true}]}}